{"id":9841,"date":"2025-11-03T17:49:27","date_gmt":"2025-11-03T16:49:27","guid":{"rendered":"https:\/\/aedcoro.com\/?page_id=9841"},"modified":"2026-02-10T13:07:47","modified_gmt":"2026-02-10T12:07:47","slug":"internacional","status":"publish","type":"page","link":"https:\/\/aedcoro.com\/en\/internacional\/","title":{"rendered":"International"},"content":{"rendered":"<div data-elementor-type=\"wp-page\" data-elementor-id=\"9841\" class=\"elementor elementor-9841\" data-elementor-post-type=\"page\">\n\t\t\t\t<div class=\"elementor-element elementor-element-52900bbc e-flex e-con-boxed e-con e-parent\" data-id=\"52900bbc\" data-element_type=\"container\" data-e-type=\"container\" data-settings=\"{&quot;background_background&quot;:&quot;classic&quot;}\">\n\t\t\t\t\t<div class=\"e-con-inner\">\n\t\t<div class=\"elementor-element elementor-element-15d06e0c e-flex e-con-boxed e-con e-child\" data-id=\"15d06e0c\" data-element_type=\"container\" data-e-type=\"container\">\n\t\t\t\t\t<div class=\"e-con-inner\">\n\t\t\t\t<div class=\"elementor-element elementor-element-6787ffb8 elementor-invisible elementor-widget elementor-widget-heading\" data-id=\"6787ffb8\" data-element_type=\"widget\" data-e-type=\"widget\" data-settings=\"{&quot;_animation&quot;:&quot;fadeInUp&quot;}\" data-widget_type=\"heading.default\">\n\t\t\t\t<div class=\"elementor-widget-container\">\n\t\t\t\t\t<h1 class=\"elementor-heading-title elementor-size-default\">International<\/h1>\t\t\t\t<\/div>\n\t\t\t\t<\/div>\n\t\t\t\t\t<\/div>\n\t\t\t\t<\/div>\n\t\t\t\t\t<\/div>\n\t\t\t\t<\/div>\n\t\t<div class=\"elementor-element elementor-element-1da10193 e-flex e-con-boxed e-con e-parent\" data-id=\"1da10193\" data-element_type=\"container\" data-e-type=\"container\" data-settings=\"{&quot;background_background&quot;:&quot;classic&quot;}\">\n\t\t\t\t\t<div class=\"e-con-inner\">\n\t\t\t\t<div class=\"elementor-element elementor-element-72cc03e3 elementor-widget elementor-widget-heading\" data-id=\"72cc03e3\" data-element_type=\"widget\" data-e-type=\"widget\" data-widget_type=\"heading.default\">\n\t\t\t\t<div class=\"elementor-widget-container\">\n\t\t\t\t\t<div class=\"elementor-heading-title elementor-size-default\">International<\/div>\t\t\t\t<\/div>\n\t\t\t\t<\/div>\n\t\t\t\t<div class=\"elementor-element elementor-element-51c5c218 elementor-widget elementor-widget-heading\" data-id=\"51c5c218\" data-element_type=\"widget\" data-e-type=\"widget\" data-widget_type=\"heading.default\">\n\t\t\t\t<div class=\"elementor-widget-container\">\n\t\t\t\t\t<h2 class=\"elementor-heading-title elementor-size-default\">\u00c1mbito internacional<\/h2>\t\t\t\t<\/div>\n\t\t\t\t<\/div>\n\t\t<div class=\"elementor-element elementor-element-5db8e815 e-flex e-con-boxed e-con e-child\" data-id=\"5db8e815\" data-element_type=\"container\" data-e-type=\"container\">\n\t\t\t\t\t<div class=\"e-con-inner\">\n\t\t<div class=\"elementor-element elementor-element-bbf6caf e-con-full e-flex e-con e-child\" data-id=\"bbf6caf\" data-element_type=\"container\" data-e-type=\"container\">\n\t\t\t\t<div class=\"elementor-element elementor-element-6a348e9b elementor-widget elementor-widget-text-editor\" data-id=\"6a348e9b\" data-element_type=\"widget\" data-e-type=\"widget\" data-widget_type=\"text-editor.default\">\n\t\t\t\t<div class=\"elementor-widget-container\">\n\t\t\t\t\t\t\t\t\t<p>AEDCORO mantiene v\u00ednculos con entidades de distintos pa\u00edses, lo que favorece la movilidad profesional de sus socios y el desarrollo de proyectos de cooperaci\u00f3n transfronteriza. En este marco, la asociaci\u00f3n lleva a cabo, entre otras, las siguientes actividades:<\/p>\t\t\t\t\t\t\t\t<\/div>\n\t\t\t\t<\/div>\n\t\t\t\t<\/div>\n\t\t<div class=\"elementor-element elementor-element-35fa0863 e-flex e-con-boxed elementor-invisible e-con e-child\" data-id=\"35fa0863\" data-element_type=\"container\" data-e-type=\"container\" data-settings=\"{&quot;animation&quot;:&quot;fadeInUp&quot;}\">\n\t\t\t\t\t<div class=\"e-con-inner\">\n\t\t\t\t<div class=\"elementor-element elementor-element-35d84b2 elementor-icon-list--layout-traditional elementor-list-item-link-full_width elementor-widget elementor-widget-icon-list\" data-id=\"35d84b2\" data-element_type=\"widget\" data-e-type=\"widget\" data-widget_type=\"icon-list.default\">\n\t\t\t\t<div class=\"elementor-widget-container\">\n\t\t\t\t\t\t\t<ul class=\"elementor-icon-list-items\">\n\t\t\t\t\t\t\t<li class=\"elementor-icon-list-item\">\n\t\t\t\t\t\t\t\t\t\t\t<span class=\"elementor-icon-list-icon\">\n\t\t\t\t\t\t\t<i aria-hidden=\"true\" class=\"icon icon-check\"><\/i>\t\t\t\t\t\t<\/span>\n\t\t\t\t\t\t\t\t\t\t<span class=\"elementor-icon-list-text\">Ponencias y talleres con la participaci\u00f3n de invitados internacionales.<\/span>\n\t\t\t\t\t\t\t\t\t<\/li>\n\t\t\t\t\t\t\t\t<li class=\"elementor-icon-list-item\">\n\t\t\t\t\t\t\t\t\t\t\t<span class=\"elementor-icon-list-icon\">\n\t\t\t\t\t\t\t<i aria-hidden=\"true\" class=\"icon icon-check\"><\/i>\t\t\t\t\t\t<\/span>\n\t\t\t\t\t\t\t\t\t\t<span class=\"elementor-icon-list-text\">Presencia y representaci\u00f3n de los coros espa\u00f1oles en foros y encuentros internacionales.<\/span>\n\t\t\t\t\t\t\t\t\t<\/li>\n\t\t\t\t\t\t<\/ul>\n\t\t\t\t\t\t<\/div>\n\t\t\t\t<\/div>\n\t\t\t\t<div class=\"elementor-element elementor-element-9b1a457 elementor-icon-list--layout-traditional elementor-list-item-link-full_width elementor-widget elementor-widget-icon-list\" data-id=\"9b1a457\" data-element_type=\"widget\" data-e-type=\"widget\" data-widget_type=\"icon-list.default\">\n\t\t\t\t<div class=\"elementor-widget-container\">\n\t\t\t\t\t\t\t<ul class=\"elementor-icon-list-items\">\n\t\t\t\t\t\t\t<li class=\"elementor-icon-list-item\">\n\t\t\t\t\t\t\t\t\t\t\t<span class=\"elementor-icon-list-icon\">\n\t\t\t\t\t\t\t<i aria-hidden=\"true\" class=\"icon icon-check\"><\/i>\t\t\t\t\t\t<\/span>\n\t\t\t\t\t\t\t\t\t\t<span class=\"elementor-icon-list-text\">Concesi\u00f3n de becas para la participaci\u00f3n en eventos celebrados en el extranjero.<\/span>\n\t\t\t\t\t\t\t\t\t<\/li>\n\t\t\t\t\t\t\t\t<li class=\"elementor-icon-list-item\">\n\t\t\t\t\t\t\t\t\t\t\t<span class=\"elementor-icon-list-icon\">\n\t\t\t\t\t\t\t<i aria-hidden=\"true\" class=\"icon icon-check\"><\/i>\t\t\t\t\t\t<\/span>\n\t\t\t\t\t\t\t\t\t\t<span class=\"elementor-icon-list-text\">Cooperaci\u00f3n y comunicaci\u00f3n permanente con otras asociaciones de directores y directoras de coro.<\/span>\n\t\t\t\t\t\t\t\t\t<\/li>\n\t\t\t\t\t\t<\/ul>\n\t\t\t\t\t\t<\/div>\n\t\t\t\t<\/div>\n\t\t\t\t\t<\/div>\n\t\t\t\t<\/div>\n\t\t\t\t\t<\/div>\n\t\t\t\t<\/div>\n\t\t\t\t\t<\/div>\n\t\t\t\t<\/div>\n\t\t<div class=\"elementor-element elementor-element-55257c85 e-flex e-con-boxed e-con e-parent\" data-id=\"55257c85\" data-element_type=\"container\" data-e-type=\"container\" data-settings=\"{&quot;background_background&quot;:&quot;classic&quot;}\">\n\t\t\t\t\t<div class=\"e-con-inner\">\n\t\t<div class=\"elementor-element elementor-element-500cddc1 e-grid e-con-boxed e-con e-child\" data-id=\"500cddc1\" data-element_type=\"container\" data-e-type=\"container\">\n\t\t\t\t\t<div class=\"e-con-inner\">\n\t\t<div class=\"elementor-element elementor-element-1681f073 e-flex e-con-boxed elementor-invisible e-con e-child\" data-id=\"1681f073\" data-element_type=\"container\" data-e-type=\"container\" data-settings=\"{&quot;animation&quot;:&quot;fadeInUp&quot;}\">\n\t\t\t\t\t<div class=\"e-con-inner\">\n\t\t\t\t<div class=\"elementor-element elementor-element-4c675f7d elementor-widget elementor-widget-heading\" data-id=\"4c675f7d\" data-element_type=\"widget\" data-e-type=\"widget\" data-widget_type=\"heading.default\">\n\t\t\t\t<div class=\"elementor-widget-container\">\n\t\t\t\t\t<div class=\"elementor-heading-title elementor-size-default\">International<\/div>\t\t\t\t<\/div>\n\t\t\t\t<\/div>\n\t\t\t\t<div class=\"elementor-element elementor-element-5d878e9c elementor-widget elementor-widget-heading\" data-id=\"5d878e9c\" data-element_type=\"widget\" data-e-type=\"widget\" data-widget_type=\"heading.default\">\n\t\t\t\t<div class=\"elementor-widget-container\">\n\t\t\t\t\t<h2 class=\"elementor-heading-title elementor-size-default\">Alianzas de AEDCORO<\/h2>\t\t\t\t<\/div>\n\t\t\t\t<\/div>\n\t\t\t\t\t<\/div>\n\t\t\t\t<\/div>\n\t\t<div class=\"elementor-element elementor-element-423ba296 e-flex e-con-boxed elementor-invisible e-con e-child\" data-id=\"423ba296\" data-element_type=\"container\" data-e-type=\"container\" data-settings=\"{&quot;animation&quot;:&quot;fadeInUp&quot;,&quot;animation_delay&quot;:200}\">\n\t\t\t\t\t<div class=\"e-con-inner\">\n\t\t\t\t<div class=\"elementor-element elementor-element-1078f62 elementor-widget elementor-widget-text-editor\" data-id=\"1078f62\" data-element_type=\"widget\" data-e-type=\"widget\" data-widget_type=\"text-editor.default\">\n\t\t\t\t<div class=\"elementor-widget-container\">\n\t\t\t\t\t\t\t\t\t<p>AEDCORO tiene convenios de colaboraci\u00f3n bilateral suscritos con diversas organizaciones corales y es miembro de las siguientes instituciones internacionales.<\/p>\t\t\t\t\t\t\t\t<\/div>\n\t\t\t\t<\/div>\n\t\t\t\t\t<\/div>\n\t\t\t\t<\/div>\n\t\t\t\t\t<\/div>\n\t\t\t\t<\/div>\n\t\t<div class=\"elementor-element elementor-element-6cb2691 e-con-full e-grid e-con e-child\" data-id=\"6cb2691\" data-element_type=\"container\" data-e-type=\"container\">\n\t\t\t\t<div class=\"elementor-element elementor-element-5066e6c elementor-position-top elementor-widget elementor-widget-image-box\" data-id=\"5066e6c\" data-element_type=\"widget\" data-e-type=\"widget\" data-widget_type=\"image-box.default\">\n\t\t\t\t<div class=\"elementor-widget-container\">\n\t\t\t\t\t<div class=\"elementor-image-box-wrapper\"><figure class=\"elementor-image-box-img\"><a href=\"https:\/\/www.ifcda.org\/\" target=\"_blank\" tabindex=\"-1\"><img fetchpriority=\"high\" decoding=\"async\" width=\"600\" height=\"318\" src=\"https:\/\/aedcoro.com\/wp-content\/uploads\/IFCDA_logo.png\" class=\"attachment-full size-full wp-image-9843\" alt=\"\" srcset=\"https:\/\/aedcoro.com\/wp-content\/uploads\/IFCDA_logo.png 600w, https:\/\/aedcoro.com\/wp-content\/uploads\/IFCDA_logo-300x159.png 300w, https:\/\/aedcoro.com\/wp-content\/uploads\/IFCDA_logo-18x10.png 18w\" sizes=\"(max-width: 600px) 100vw, 600px\" \/><\/a><\/figure><\/div>\t\t\t\t<\/div>\n\t\t\t\t<\/div>\n\t\t\t\t<div class=\"elementor-element elementor-element-742197d elementor-position-top elementor-widget elementor-widget-image-box\" data-id=\"742197d\" data-element_type=\"widget\" data-e-type=\"widget\" data-widget_type=\"image-box.default\">\n\t\t\t\t<div class=\"elementor-widget-container\">\n\t\t\t\t\t<div class=\"elementor-image-box-wrapper\"><figure class=\"elementor-image-box-img\"><a href=\"https:\/\/europeanchoralassociation.org\/\" target=\"_blank\" tabindex=\"-1\"><img decoding=\"async\" width=\"600\" height=\"318\" src=\"https:\/\/aedcoro.com\/wp-content\/uploads\/ECA_logo.png\" class=\"attachment-full size-full wp-image-9842\" alt=\"\" srcset=\"https:\/\/aedcoro.com\/wp-content\/uploads\/ECA_logo.png 600w, https:\/\/aedcoro.com\/wp-content\/uploads\/ECA_logo-300x159.png 300w, https:\/\/aedcoro.com\/wp-content\/uploads\/ECA_logo-18x10.png 18w\" sizes=\"(max-width: 600px) 100vw, 600px\" \/><\/a><\/figure><\/div>\t\t\t\t<\/div>\n\t\t\t\t<\/div>\n\t\t\t\t<\/div>\n\t\t\t\t\t<\/div>\n\t\t\t\t<\/div>\n\t\t\t\t<\/div>","protected":false},"excerpt":{"rendered":"<p>Internacional \u00c1mbito internacional AEDCORO mantiene v\u00ednculos con entidades de distintos pa\u00edses, lo que favorece la movilidad profesional de sus socios y el desarrollo de proyectos de cooperaci\u00f3n transfronteriza. En este [&hellip;]<\/p>\n","protected":false},"author":1,"featured_media":0,"parent":0,"menu_order":0,"comment_status":"closed","ping_status":"closed","template":"","meta":{"footnotes":""},"class_list":["post-9841","page","type-page","status-publish","hentry"],"yoast_head":"<!-- This site is optimized with the Yoast SEO plugin v27.5 - https:\/\/yoast.com\/product\/yoast-seo-wordpress\/ -->\n<title>Internacional - AEDCORO<\/title>\n<meta name=\"robots\" content=\"index, follow, max-snippet:-1, max-image-preview:large, max-video-preview:-1\" \/>\n<link rel=\"canonical\" href=\"https:\/\/aedcoro.com\/en\/internacional\/\" \/>\n<meta property=\"og:locale\" content=\"en_GB\" \/>\n<meta property=\"og:type\" content=\"article\" \/>\n<meta property=\"og:title\" content=\"Internacional - AEDCORO\" \/>\n<meta property=\"og:description\" content=\"Internacional \u00c1mbito internacional AEDCORO mantiene v\u00ednculos con entidades de distintos pa\u00edses, lo que favorece la movilidad profesional de sus socios y el desarrollo de proyectos de cooperaci\u00f3n transfronteriza. En este [&hellip;]\" \/>\n<meta property=\"og:url\" content=\"https:\/\/aedcoro.com\/en\/internacional\/\" \/>\n<meta property=\"og:site_name\" content=\"AEDCORO\" \/>\n<meta property=\"article:publisher\" content=\"https:\/\/www.facebook.com\/aedcoro\/\" \/>\n<meta property=\"article:modified_time\" content=\"2026-02-10T12:07:47+00:00\" \/>\n<meta property=\"og:image\" content=\"https:\/\/aedcoro.com\/wp-content\/uploads\/IFCDA_logo.png\" \/>\n\t<meta property=\"og:image:width\" content=\"600\" \/>\n\t<meta property=\"og:image:height\" content=\"318\" \/>\n\t<meta property=\"og:image:type\" content=\"image\/png\" \/>\n<meta name=\"twitter:card\" content=\"summary_large_image\" \/>\n<meta name=\"twitter:site\" content=\"@aedcoro\" \/>\n<meta name=\"twitter:label1\" content=\"Estimated reading time\" \/>\n\t<meta name=\"twitter:data1\" content=\"1 minute\" \/>\n<script type=\"application\/ld+json\" class=\"yoast-schema-graph\">{\"@context\":\"https:\\\/\\\/schema.org\",\"@graph\":[{\"@type\":\"WebPage\",\"@id\":\"https:\\\/\\\/aedcoro.com\\\/internacional\\\/\",\"url\":\"https:\\\/\\\/aedcoro.com\\\/internacional\\\/\",\"name\":\"Internacional - AEDCORO\",\"isPartOf\":{\"@id\":\"https:\\\/\\\/aedcoro.com\\\/#website\"},\"primaryImageOfPage\":{\"@id\":\"https:\\\/\\\/aedcoro.com\\\/internacional\\\/#primaryimage\"},\"image\":{\"@id\":\"https:\\\/\\\/aedcoro.com\\\/internacional\\\/#primaryimage\"},\"thumbnailUrl\":\"https:\\\/\\\/aedcoro.com\\\/wp-content\\\/uploads\\\/IFCDA_logo.png\",\"datePublished\":\"2025-11-03T16:49:27+00:00\",\"dateModified\":\"2026-02-10T12:07:47+00:00\",\"breadcrumb\":{\"@id\":\"https:\\\/\\\/aedcoro.com\\\/internacional\\\/#breadcrumb\"},\"inLanguage\":\"en-GB\",\"potentialAction\":[{\"@type\":\"ReadAction\",\"target\":[\"https:\\\/\\\/aedcoro.com\\\/internacional\\\/\"]}]},{\"@type\":\"ImageObject\",\"inLanguage\":\"en-GB\",\"@id\":\"https:\\\/\\\/aedcoro.com\\\/internacional\\\/#primaryimage\",\"url\":\"https:\\\/\\\/aedcoro.com\\\/wp-content\\\/uploads\\\/IFCDA_logo.png\",\"contentUrl\":\"https:\\\/\\\/aedcoro.com\\\/wp-content\\\/uploads\\\/IFCDA_logo.png\"},{\"@type\":\"BreadcrumbList\",\"@id\":\"https:\\\/\\\/aedcoro.com\\\/internacional\\\/#breadcrumb\",\"itemListElement\":[{\"@type\":\"ListItem\",\"position\":1,\"name\":\"Portada\",\"item\":\"https:\\\/\\\/aedcoro.com\\\/\"},{\"@type\":\"ListItem\",\"position\":2,\"name\":\"Internacional\"}]},{\"@type\":\"WebSite\",\"@id\":\"https:\\\/\\\/aedcoro.com\\\/#website\",\"url\":\"https:\\\/\\\/aedcoro.com\\\/\",\"name\":\"AEDCORO\",\"description\":\"Asociaci\u00f3n Espa\u00f1ola de Directores de Coro\",\"publisher\":{\"@id\":\"https:\\\/\\\/aedcoro.com\\\/#organization\"},\"potentialAction\":[{\"@type\":\"SearchAction\",\"target\":{\"@type\":\"EntryPoint\",\"urlTemplate\":\"https:\\\/\\\/aedcoro.com\\\/?s={search_term_string}\"},\"query-input\":{\"@type\":\"PropertyValueSpecification\",\"valueRequired\":true,\"valueName\":\"search_term_string\"}}],\"inLanguage\":\"en-GB\"},{\"@type\":\"Organization\",\"@id\":\"https:\\\/\\\/aedcoro.com\\\/#organization\",\"name\":\"Asociaci\u00f3n Espa\u00f1ola de Directores de Coro\",\"alternateName\":\"AEDCORO\",\"url\":\"https:\\\/\\\/aedcoro.com\\\/\",\"logo\":{\"@type\":\"ImageObject\",\"inLanguage\":\"en-GB\",\"@id\":\"https:\\\/\\\/aedcoro.com\\\/#\\\/schema\\\/logo\\\/image\\\/\",\"url\":\"https:\\\/\\\/aedcoro.com\\\/wp-content\\\/uploads\\\/AEDCoro_logo.webp\",\"contentUrl\":\"https:\\\/\\\/aedcoro.com\\\/wp-content\\\/uploads\\\/AEDCoro_logo.webp\",\"width\":500,\"height\":395,\"caption\":\"Asociaci\u00f3n Espa\u00f1ola de Directores de Coro\"},\"image\":{\"@id\":\"https:\\\/\\\/aedcoro.com\\\/#\\\/schema\\\/logo\\\/image\\\/\"},\"sameAs\":[\"https:\\\/\\\/www.facebook.com\\\/aedcoro\\\/\",\"https:\\\/\\\/x.com\\\/aedcoro\",\"https:\\\/\\\/www.instagram.com\\\/aedcoro\\\/\",\"https:\\\/\\\/www.youtube.com\\\/channel\\\/UCx3RJQ3BMA4KmkstsrIZk-w\"]}]}<\/script>\n<!-- \/ Yoast SEO plugin. -->","yoast_head_json":{"title":"Internacional - AEDCORO","robots":{"index":"index","follow":"follow","max-snippet":"max-snippet:-1","max-image-preview":"max-image-preview:large","max-video-preview":"max-video-preview:-1"},"canonical":"https:\/\/aedcoro.com\/en\/internacional\/","og_locale":"en_GB","og_type":"article","og_title":"Internacional - AEDCORO","og_description":"Internacional \u00c1mbito internacional AEDCORO mantiene v\u00ednculos con entidades de distintos pa\u00edses, lo que favorece la movilidad profesional de sus socios y el desarrollo de proyectos de cooperaci\u00f3n transfronteriza. En este [&hellip;]","og_url":"https:\/\/aedcoro.com\/en\/internacional\/","og_site_name":"AEDCORO","article_publisher":"https:\/\/www.facebook.com\/aedcoro\/","article_modified_time":"2026-02-10T12:07:47+00:00","og_image":[{"width":600,"height":318,"url":"https:\/\/aedcoro.com\/wp-content\/uploads\/IFCDA_logo.png","type":"image\/png"}],"twitter_card":"summary_large_image","twitter_site":"@aedcoro","twitter_misc":{"Estimated reading time":"1 minute"},"schema":{"@context":"https:\/\/schema.org","@graph":[{"@type":"WebPage","@id":"https:\/\/aedcoro.com\/internacional\/","url":"https:\/\/aedcoro.com\/internacional\/","name":"Internacional - AEDCORO","isPartOf":{"@id":"https:\/\/aedcoro.com\/#website"},"primaryImageOfPage":{"@id":"https:\/\/aedcoro.com\/internacional\/#primaryimage"},"image":{"@id":"https:\/\/aedcoro.com\/internacional\/#primaryimage"},"thumbnailUrl":"https:\/\/aedcoro.com\/wp-content\/uploads\/IFCDA_logo.png","datePublished":"2025-11-03T16:49:27+00:00","dateModified":"2026-02-10T12:07:47+00:00","breadcrumb":{"@id":"https:\/\/aedcoro.com\/internacional\/#breadcrumb"},"inLanguage":"en-GB","potentialAction":[{"@type":"ReadAction","target":["https:\/\/aedcoro.com\/internacional\/"]}]},{"@type":"ImageObject","inLanguage":"en-GB","@id":"https:\/\/aedcoro.com\/internacional\/#primaryimage","url":"https:\/\/aedcoro.com\/wp-content\/uploads\/IFCDA_logo.png","contentUrl":"https:\/\/aedcoro.com\/wp-content\/uploads\/IFCDA_logo.png"},{"@type":"BreadcrumbList","@id":"https:\/\/aedcoro.com\/internacional\/#breadcrumb","itemListElement":[{"@type":"ListItem","position":1,"name":"Portada","item":"https:\/\/aedcoro.com\/"},{"@type":"ListItem","position":2,"name":"Internacional"}]},{"@type":"WebSite","@id":"https:\/\/aedcoro.com\/#website","url":"https:\/\/aedcoro.com\/","name":"AEDCORO","description":"Spanish Association of Choir Directors","publisher":{"@id":"https:\/\/aedcoro.com\/#organization"},"potentialAction":[{"@type":"SearchAction","target":{"@type":"EntryPoint","urlTemplate":"https:\/\/aedcoro.com\/?s={search_term_string}"},"query-input":{"@type":"PropertyValueSpecification","valueRequired":true,"valueName":"search_term_string"}}],"inLanguage":"en-GB"},{"@type":"Organization","@id":"https:\/\/aedcoro.com\/#organization","name":"Spanish Association of Choir Directors","alternateName":"AEDCORO","url":"https:\/\/aedcoro.com\/","logo":{"@type":"ImageObject","inLanguage":"en-GB","@id":"https:\/\/aedcoro.com\/#\/schema\/logo\/image\/","url":"https:\/\/aedcoro.com\/wp-content\/uploads\/AEDCoro_logo.webp","contentUrl":"https:\/\/aedcoro.com\/wp-content\/uploads\/AEDCoro_logo.webp","width":500,"height":395,"caption":"Asociaci\u00f3n Espa\u00f1ola de Directores de Coro"},"image":{"@id":"https:\/\/aedcoro.com\/#\/schema\/logo\/image\/"},"sameAs":["https:\/\/www.facebook.com\/aedcoro\/","https:\/\/x.com\/aedcoro","https:\/\/www.instagram.com\/aedcoro\/","https:\/\/www.youtube.com\/channel\/UCx3RJQ3BMA4KmkstsrIZk-w"]}]}},"_links":{"self":[{"href":"https:\/\/aedcoro.com\/en\/wp-json\/wp\/v2\/pages\/9841","targetHints":{"allow":["GET"]}}],"collection":[{"href":"https:\/\/aedcoro.com\/en\/wp-json\/wp\/v2\/pages"}],"about":[{"href":"https:\/\/aedcoro.com\/en\/wp-json\/wp\/v2\/types\/page"}],"author":[{"embeddable":true,"href":"https:\/\/aedcoro.com\/en\/wp-json\/wp\/v2\/users\/1"}],"replies":[{"embeddable":true,"href":"https:\/\/aedcoro.com\/en\/wp-json\/wp\/v2\/comments?post=9841"}],"version-history":[{"count":52,"href":"https:\/\/aedcoro.com\/en\/wp-json\/wp\/v2\/pages\/9841\/revisions"}],"predecessor-version":[{"id":11274,"href":"https:\/\/aedcoro.com\/en\/wp-json\/wp\/v2\/pages\/9841\/revisions\/11274"}],"wp:attachment":[{"href":"https:\/\/aedcoro.com\/en\/wp-json\/wp\/v2\/media?parent=9841"}],"curies":[{"name":"wp","href":"https:\/\/api.w.org\/{rel}","templated":true}]}}